{"id":688,"date":"2026-03-01T06:51:36","date_gmt":"2026-03-01T06:51:36","guid":{"rendered":"https:\/\/hivesense5358.live-website.com\/?page_id=688"},"modified":"2026-03-12T13:54:17","modified_gmt":"2026-03-12T13:54:17","slug":"impressum","status":"publish","type":"page","link":"https:\/\/hivesense.at\/de\/impressum\/","title":{"rendered":"Impressum"},"content":{"rendered":"<style>.kadence-column688_2a33b0-fb > .kt-inside-inner-col,.kadence-column688_2a33b0-fb > .kt-inside-inner-col:before{border-top-left-radius:0px;border-top-right-radius:0px;border-bottom-right-radius:0px;border-bottom-left-radius:0px;}.kadence-column688_2a33b0-fb > .kt-inside-inner-col{column-gap:var(--global-kb-gap-sm, 1rem);}.kadence-column688_2a33b0-fb > .kt-inside-inner-col{flex-direction:column;}.kadence-column688_2a33b0-fb > .kt-inside-inner-col > .aligncenter{width:100%;}.kadence-column688_2a33b0-fb > .kt-inside-inner-col:before{opacity:0.3;}.kadence-column688_2a33b0-fb{position:relative;}@media all and (max-width: 1024px){.kadence-column688_2a33b0-fb > .kt-inside-inner-col{flex-direction:column;justify-content:center;}}@media all and (max-width: 767px){.kadence-column688_2a33b0-fb > .kt-inside-inner-col{flex-direction:column;justify-content:center;}}<\/style>\n<div class=\"wp-block-kadence-column kadence-column688_2a33b0-fb\"><div class=\"kt-inside-inner-col\"><style>.kb-row-layout-id688_d5c7fd-75 > .kt-row-column-wrap{align-content:start;}:where(.kb-row-layout-id688_d5c7fd-75 > .kt-row-column-wrap) > .wp-block-kadence-column{justify-content:start;}.kb-row-layout-id688_d5c7fd-75 > .kt-row-column-wrap{column-gap:var(--global-kb-gap-md, 2rem);row-gap:var(--global-kb-gap-md, 2rem);max-width:var( --global-content-width, 1290px );padding-left:var(--global-content-edge-padding);padding-right:var(--global-content-edge-padding);padding-top:var(--global-kb-spacing-sm, 1.5rem);padding-bottom:var(--global-kb-spacing-sm, 1.5rem);grid-template-columns:minmax(0, 1fr);}.kb-row-layout-id688_d5c7fd-75{background-image:radial-gradient(ellipse at center center,var(--global-palette8) 0%,var(--global-palette9) 100%);}.kb-row-layout-id688_d5c7fd-75 > .kt-row-layout-overlay{opacity:0.79;}@media all and (max-width: 1024px){.kb-row-layout-id688_d5c7fd-75 > .kt-row-column-wrap{grid-template-columns:minmax(0, 1fr);}}@media all and (max-width: 767px){.kb-row-layout-id688_d5c7fd-75 > .kt-row-column-wrap{grid-template-columns:minmax(0, 1fr);}}<\/style><div class=\"kb-row-layout-wrap kb-row-layout-id688_d5c7fd-75 alignnone kt-row-has-bg wp-block-kadence-rowlayout\"><div class=\"kt-row-column-wrap kt-has-1-columns kt-row-layout-equal kt-tab-layout-inherit kt-mobile-layout-row kt-row-valign-top kb-theme-content-width\">\n<style>.kadence-column688_1a3326-85 > .kt-inside-inner-col,.kadence-column688_1a3326-85 > .kt-inside-inner-col:before{border-top-left-radius:0px;border-top-right-radius:0px;border-bottom-right-radius:0px;border-bottom-left-radius:0px;}.kadence-column688_1a3326-85 > .kt-inside-inner-col{column-gap:var(--global-kb-gap-sm, 1rem);}.kadence-column688_1a3326-85 > .kt-inside-inner-col{flex-direction:column;}.kadence-column688_1a3326-85 > .kt-inside-inner-col > .aligncenter{width:100%;}.kadence-column688_1a3326-85 > .kt-inside-inner-col:before{opacity:0.3;}.kadence-column688_1a3326-85{position:relative;}@media all and (max-width: 1024px){.kadence-column688_1a3326-85 > .kt-inside-inner-col{flex-direction:column;justify-content:center;}}@media all and (max-width: 767px){.kadence-column688_1a3326-85 > .kt-inside-inner-col{flex-direction:column;justify-content:center;}}<\/style>\n<div class=\"wp-block-kadence-column kadence-column688_1a3326-85\"><div class=\"kt-inside-inner-col\">\n<h2 class=\"wp-block-heading has--font-size\">Impressum<\/h2>\n\n\n\n<p><br>Angaben gem\u00e4\u00df \u00a7 5 ECG, \u00a7 14 UGB und \u00a7 25 Mediengesetz<br><br><strong>HIVESENSE <\/strong>FlexCo (in Gr\u00fcndung)<br>Urstein S\u00fcd 15<br>5412 Puch bei Hallein<br>\u00d6sterreich<br><br>E-Mail: <a>team@hivesense.<\/a>at<br>Website: <a>https:\/\/www.hivesense.at<\/a><br><br>Firmenbuchnummer: (in Gr\u00fcndung)<br>Firmenbuchgericht: (in Gr\u00fcndung)<br>UID-Nummer: (in Gr\u00fcndung)<br>Gesch\u00e4ftsf\u00fchrer: DI Alexander Moosmann &amp; DI Florian Entleitner<br><br>Unternehmensgegenstand:<br>Gegenstand des Unternehmens der Gesellschaft ist die Erbringung von digitalen Dienstleistungen im Bereich Cybersecurity.<br>Mitglied der Wirtschaftskammer \u00d6sterreich<br>Fachgruppe: Unternehmensberatung \/ Informationstechnologie<br>Aufsichtsbeh\u00f6rde: Bezirkshauptmannschaft Hallein<br>Anwendbare gewerbe- oder berufsrechtliche Vorschriften:<br><a>www.ris.bka.gv.at<\/a><br><br>Haftungsausschluss:<br>Trotz sorgf\u00e4ltiger inhaltlicher Kontrolle \u00fcbernehmen wir keine Haftung f\u00fcr die Inhalte externer Links. F\u00fcr den Inhalt der verlinkten Seiten sind ausschlie\u00dflich deren Betreiber verantwortlich.<br><br>Urheberrecht:<br>Alle Inhalte dieser Website (Texte, Bilder, Grafiken, Logos, Softwarebestandteile) unterliegen dem Urheberrecht. Eine Verwendung ohne ausdr\u00fcckliche schriftliche Zustimmung ist nicht gestattet.<\/p>\n<\/div><\/div>\n\n<\/div><\/div><\/div><\/div>\n\n\n\n<p><\/p>","protected":false},"excerpt":{"rendered":"<p>Impressum Angaben gem\u00e4\u00df \u00a7 5 ECG, \u00a7 14 UGB und \u00a7 25 Mediengesetz HIVESENSE FlexCo (in Gr\u00fcndung)Urstein S\u00fcd 155412 Puch bei Hallein\u00d6sterreich E-Mail: team@hivesense.atWebsite: https:\/\/www.hivesense.at Firmenbuchnummer: (in Gr\u00fcndung)Firmenbuchgericht: (in Gr\u00fcndung)UID-Nummer: (in Gr\u00fcndung)Gesch\u00e4ftsf\u00fchrer: DI Alexander Moosmann &amp; DI Florian Entleitner Unternehmensgegenstand:Gegenstand des Unternehmens der Gesellschaft ist die Erbringung von digitalen Dienstleistungen im Bereich Cybersecurity.Mitglied der Wirtschaftskammer&#8230;<\/p>","protected":false},"author":1,"featured_media":0,"parent":0,"menu_order":0,"comment_status":"closed","ping_status":"closed","template":"","meta":{"content-type":"","_themeisle_gutenberg_block_has_review":false,"_kadence_starter_templates_imported_post":false,"_kad_post_transparent":"","_kad_post_title":"","_kad_post_layout":"","_kad_post_sidebar_id":"","_kad_post_content_style":"","_kad_post_vertical_padding":"","_kad_post_feature":"","_kad_post_feature_position":"","_kad_post_header":false,"_kad_post_footer":false,"footnotes":""},"class_list":["post-688","page","type-page","status-publish","hentry"],"_links":{"self":[{"href":"https:\/\/hivesense.at\/de\/wp-json\/wp\/v2\/pages\/688","targetHints":{"allow":["GET"]}}],"collection":[{"href":"https:\/\/hivesense.at\/de\/wp-json\/wp\/v2\/pages"}],"about":[{"href":"https:\/\/hivesense.at\/de\/wp-json\/wp\/v2\/types\/page"}],"author":[{"embeddable":true,"href":"https:\/\/hivesense.at\/de\/wp-json\/wp\/v2\/users\/1"}],"replies":[{"embeddable":true,"href":"https:\/\/hivesense.at\/de\/wp-json\/wp\/v2\/comments?post=688"}],"version-history":[{"count":5,"href":"https:\/\/hivesense.at\/de\/wp-json\/wp\/v2\/pages\/688\/revisions"}],"predecessor-version":[{"id":1024,"href":"https:\/\/hivesense.at\/de\/wp-json\/wp\/v2\/pages\/688\/revisions\/1024"}],"wp:attachment":[{"href":"https:\/\/hivesense.at\/de\/wp-json\/wp\/v2\/media?parent=688"}],"curies":[{"name":"wp","href":"https:\/\/api.w.org\/{rel}","templated":true}]}}